{"id":1657,"date":"2016-09-27T16:13:57","date_gmt":"2016-09-27T16:13:57","guid":{"rendered":"http:\/\/www.radio-science.eu\/?page_id=1657"},"modified":"2023-11-10T14:56:57","modified_gmt":"2023-11-10T14:56:57","slug":"venus-ionosphaere","status":"publish","type":"page","link":"https:\/\/www.radio-science.eu\/en_us\/missionen-und-ziele\/venus-express\/venus-ionosphaere\/","title":{"rendered":"Venus ionosphere"},"content":{"rendered":"<p>The day side ionosphere of Venus is primarily the product of solar photoionization of the planetary neutral atmosphere and subsequent photochemical processes. Its major characteristics are the main layer V2 and the underlying smaller V1 layer. While V2 is in general produced by solar radiation (extreme ultraviolet), the V1 layer is primarily produced from solar X-ray photoionization and secondary impact ionization of photo-electrons. O2+ yields the highest ion density in the main peak altitude range while at higher altitudes O+ dominates. VeRa observations from 2004 to 2014 show the day side maximum of V2 at altitudes from 135 km to 145 km. The V2 electron density in the VeRa observations varies from 15e10 to 55e10 electrons\/m3 as a function of the solar radiation incidence angle and solar activity. Information on additional properties of the Venus ionosphere in comparison with Mars can be found here.<!--:--><!--:en--><\/p>","protected":false},"excerpt":{"rendered":"<p>Die Tagionosph\u00e4re der Venus entsteht zum Gro\u00dfteil durch Photoionisation der planetaren Neutralatmosph\u00e4re und darauffolgende photochemische Prozesse. Ihre hervorstechendsten Eigenschaften sind das Hauptmaximum V2 und die darunterliegende kleinere V1-Schicht. W\u00e4hrend V2 haupts\u00e4chlich durch solare Strahlung im extremen Ultraviolett erzeugt wird, entsteht die V1 Schicht zum Gro\u00dfteil durch Photoionisation mittels solarer R\u00f6ntgenstrahlung und sekund\u00e4re Einschlagsionisation von Photo-Elektronen. [&hellip;]<\/p>\n","protected":false},"author":1,"featured_media":0,"parent":98,"menu_order":0,"comment_status":"closed","ping_status":"closed","template":"","meta":{"_uag_custom_page_level_css":"","site-sidebar-layout":"default","site-content-layout":"","ast-site-content-layout":"default","site-content-style":"default","site-sidebar-style":"default","ast-global-header-display":"","ast-banner-title-visibility":"","ast-main-header-display":"","ast-hfb-above-header-display":"","ast-hfb-below-header-display":"","ast-hfb-mobile-header-display":"","site-post-title":"","ast-breadcrumbs-content":"","ast-featured-img":"","footer-sml-layout":"","ast-disable-related-posts":"","theme-transparent-header-meta":"","adv-header-id-meta":"","stick-header-meta":"","header-above-stick-meta":"","header-main-stick-meta":"","header-below-stick-meta":"","astra-migrate-meta-layouts":"default","ast-page-background-enabled":"default","ast-page-background-meta":{"desktop":{"background-color":"var(--ast-global-color-4)","background-image":"","background-repeat":"repeat","background-position":"center center","background-size":"auto","background-attachment":"scroll","background-type":"","background-media":"","overlay-type":"","overlay-color":"","overlay-opacity":"","overlay-gradient":""},"tablet":{"background-color":"","background-image":"","background-repeat":"repeat","background-position":"center center","background-size":"auto","background-attachment":"scroll","background-type":"","background-media":"","overlay-type":"","overlay-color":"","overlay-opacity":"","overlay-gradient":""},"mobile":{"background-color":"","background-image":"","background-repeat":"repeat","background-position":"center center","background-size":"auto","background-attachment":"scroll","background-type":"","background-media":"","overlay-type":"","overlay-color":"","overlay-opacity":"","overlay-gradient":""}},"ast-content-background-meta":{"desktop":{"background-color":"var(--ast-global-color-5)","background-image":"","background-repeat":"repeat","background-position":"center center","background-size":"auto","background-attachment":"scroll","background-type":"","background-media":"","overlay-type":"","overlay-color":"","overlay-opacity":"","overlay-gradient":""},"tablet":{"background-color":"var(--ast-global-color-5)","background-image":"","background-repeat":"repeat","background-position":"center center","background-size":"auto","background-attachment":"scroll","background-type":"","background-media":"","overlay-type":"","overlay-color":"","overlay-opacity":"","overlay-gradient":""},"mobile":{"background-color":"var(--ast-global-color-5)","background-image":"","background-repeat":"repeat","background-position":"center center","background-size":"auto","background-attachment":"scroll","background-type":"","background-media":"","overlay-type":"","overlay-color":"","overlay-opacity":"","overlay-gradient":""}},"footnotes":""},"class_list":["post-1657","page","type-page","status-publish","hentry"],"uagb_featured_image_src":{"full":false,"thumbnail":false,"medium":false,"medium_large":false,"large":false,"1536x1536":false,"2048x2048":false,"trp-custom-language-flag":false},"uagb_author_info":{"display_name":"Admin","author_link":"https:\/\/www.radio-science.eu\/en_us\/author\/admin\/"},"uagb_comment_info":0,"uagb_excerpt":"Die Tagionosph\u00e4re der Venus entsteht zum Gro\u00dfteil durch Photoionisation der planetaren Neutralatmosph\u00e4re und darauffolgende photochemische Prozesse. Ihre hervorstechendsten Eigenschaften sind das Hauptmaximum V2 und die darunterliegende kleinere V1-Schicht. W\u00e4hrend V2 haupts\u00e4chlich durch solare Strahlung im extremen Ultraviolett erzeugt wird, entsteht die V1 Schicht zum Gro\u00dfteil durch Photoionisation mittels solarer R\u00f6ntgenstrahlung und sekund\u00e4re Einschlagsionisation von Photo-Elektronen.&hellip;","_links":{"self":[{"href":"https:\/\/www.radio-science.eu\/en_us\/wp-json\/wp\/v2\/pages\/1657","targetHints":{"allow":["GET"]}}],"collection":[{"href":"https:\/\/www.radio-science.eu\/en_us\/wp-json\/wp\/v2\/pages"}],"about":[{"href":"https:\/\/www.radio-science.eu\/en_us\/wp-json\/wp\/v2\/types\/page"}],"author":[{"embeddable":true,"href":"https:\/\/www.radio-science.eu\/en_us\/wp-json\/wp\/v2\/users\/1"}],"replies":[{"embeddable":true,"href":"https:\/\/www.radio-science.eu\/en_us\/wp-json\/wp\/v2\/comments?post=1657"}],"version-history":[{"count":3,"href":"https:\/\/www.radio-science.eu\/en_us\/wp-json\/wp\/v2\/pages\/1657\/revisions"}],"predecessor-version":[{"id":1787,"href":"https:\/\/www.radio-science.eu\/en_us\/wp-json\/wp\/v2\/pages\/1657\/revisions\/1787"}],"up":[{"embeddable":true,"href":"https:\/\/www.radio-science.eu\/en_us\/wp-json\/wp\/v2\/pages\/98"}],"wp:attachment":[{"href":"https:\/\/www.radio-science.eu\/en_us\/wp-json\/wp\/v2\/media?parent=1657"}],"curies":[{"name":"wp","href":"https:\/\/api.w.org\/{rel}","templated":true}]}}