{"id":492,"date":"2014-03-10T11:16:56","date_gmt":"2014-03-10T11:16:56","guid":{"rendered":"http:\/\/www.radio-science.eu\/?page_id=492"},"modified":"2026-03-09T15:08:27","modified_gmt":"2026-03-09T15:08:27","slug":"impressum-2","status":"publish","type":"page","link":"https:\/\/www.radio-science.eu\/en_us\/impressum-2\/","title":{"rendered":"About"},"content":{"rendered":"<p><!--:de-->Responsible for the content of the website:<br>Dr. Martin P\u00e4tzold<br><a href=\"mailto:Martin.Paetzold@uni-koeln.de\">E-Mail<\/a><\/p>\n\n\n\n<address>Rheinisches Institut f\u00fcr Umweltforschung K\u00f6ln e.V.<\/address>\n\n\n\n<address>Planetenforschung<\/address>\n\n\n\n<address>Aachener Stra\u00dfe 209<\/address>\n\n\n\n<address>50931 K\u00f6ln<\/address>\n\n\n\n<p><\/p>","protected":false},"excerpt":{"rendered":"<p>Verantworlich f\u00fcr den Inhalt dieser Website:Dr. Martin P\u00e4tzoldE-Mail Rheinisches Institut f\u00fcr Umweltforschung K\u00f6ln e.V. Planetenforschung Aachener Stra\u00dfe 209 50931 K\u00f6ln<\/p>","protected":false},"author":1,"featured_media":0,"parent":0,"menu_order":0,"comment_status":"closed","ping_status":"closed","template":"","meta":{"_uag_custom_page_level_css":"","site-sidebar-layout":"default","site-content-layout":"","ast-site-content-layout":"default","site-content-style":"default","site-sidebar-style":"default","ast-global-header-display":"","ast-banner-title-visibility":"","ast-main-header-display":"","ast-hfb-above-header-display":"","ast-hfb-below-header-display":"","ast-hfb-mobile-header-display":"","site-post-title":"","ast-breadcrumbs-content":"","ast-featured-img":"","footer-sml-layout":"","ast-disable-related-posts":"","theme-transparent-header-meta":"","adv-header-id-meta":"","stick-header-meta":"","header-above-stick-meta":"","header-main-stick-meta":"","header-below-stick-meta":"","astra-migrate-meta-layouts":"default","ast-page-background-enabled":"default","ast-page-background-meta":{"desktop":{"background-color":"var(--ast-global-color-4)","background-image":"","background-repeat":"repeat","background-position":"center center","background-size":"auto","background-attachment":"scroll","background-type":"","background-media":"","overlay-type":"","overlay-color":"","overlay-opacity":"","overlay-gradient":""},"tablet":{"background-color":"","background-image":"","background-repeat":"repeat","background-position":"center center","background-size":"auto","background-attachment":"scroll","background-type":"","background-media":"","overlay-type":"","overlay-color":"","overlay-opacity":"","overlay-gradient":""},"mobile":{"background-color":"","background-image":"","background-repeat":"repeat","background-position":"center center","background-size":"auto","background-attachment":"scroll","background-type":"","background-media":"","overlay-type":"","overlay-color":"","overlay-opacity":"","overlay-gradient":""}},"ast-content-background-meta":{"desktop":{"background-color":"var(--ast-global-color-5)","background-image":"","background-repeat":"repeat","background-position":"center center","background-size":"auto","background-attachment":"scroll","background-type":"","background-media":"","overlay-type":"","overlay-color":"","overlay-opacity":"","overlay-gradient":""},"tablet":{"background-color":"var(--ast-global-color-5)","background-image":"","background-repeat":"repeat","background-position":"center center","background-size":"auto","background-attachment":"scroll","background-type":"","background-media":"","overlay-type":"","overlay-color":"","overlay-opacity":"","overlay-gradient":""},"mobile":{"background-color":"var(--ast-global-color-5)","background-image":"","background-repeat":"repeat","background-position":"center center","background-size":"auto","background-attachment":"scroll","background-type":"","background-media":"","overlay-type":"","overlay-color":"","overlay-opacity":"","overlay-gradient":""}},"footnotes":""},"class_list":["post-492","page","type-page","status-publish","hentry"],"uagb_featured_image_src":{"full":false,"thumbnail":false,"medium":false,"medium_large":false,"large":false,"1536x1536":false,"2048x2048":false,"trp-custom-language-flag":false},"uagb_author_info":{"display_name":"Admin","author_link":"https:\/\/www.radio-science.eu\/en_us\/author\/admin\/"},"uagb_comment_info":0,"uagb_excerpt":"Verantworlich f\u00fcr den Inhalt dieser Website:Dr. Martin P\u00e4tzoldE-Mail Rheinisches Institut f\u00fcr Umweltforschung K\u00f6ln e.V. Planetenforschung Aachener Stra\u00dfe 209 50931 K\u00f6ln","_links":{"self":[{"href":"https:\/\/www.radio-science.eu\/en_us\/wp-json\/wp\/v2\/pages\/492","targetHints":{"allow":["GET"]}}],"collection":[{"href":"https:\/\/www.radio-science.eu\/en_us\/wp-json\/wp\/v2\/pages"}],"about":[{"href":"https:\/\/www.radio-science.eu\/en_us\/wp-json\/wp\/v2\/types\/page"}],"author":[{"embeddable":true,"href":"https:\/\/www.radio-science.eu\/en_us\/wp-json\/wp\/v2\/users\/1"}],"replies":[{"embeddable":true,"href":"https:\/\/www.radio-science.eu\/en_us\/wp-json\/wp\/v2\/comments?post=492"}],"version-history":[{"count":9,"href":"https:\/\/www.radio-science.eu\/en_us\/wp-json\/wp\/v2\/pages\/492\/revisions"}],"predecessor-version":[{"id":2157,"href":"https:\/\/www.radio-science.eu\/en_us\/wp-json\/wp\/v2\/pages\/492\/revisions\/2157"}],"wp:attachment":[{"href":"https:\/\/www.radio-science.eu\/en_us\/wp-json\/wp\/v2\/media?parent=492"}],"curies":[{"name":"wp","href":"https:\/\/api.w.org\/{rel}","templated":true}]}}